{"id":5,"date":"2026-04-22T14:36:05","date_gmt":"2026-04-22T14:36:05","guid":{"rendered":"http:\/\/localhost:8080\/?page_id=5"},"modified":"2026-05-08T12:42:00","modified_gmt":"2026-05-08T05:42:00","slug":"trang-chu","status":"publish","type":"page","link":"https:\/\/minhphan.vn\/en\/","title":{"rendered":"Home"},"content":{"rendered":"","protected":false},"excerpt":{"rendered":"","protected":false},"author":1,"featured_media":0,"parent":0,"menu_order":0,"comment_status":"closed","ping_status":"closed","template":"front-page.php","meta":{"_acf_changed":false,"footnotes":""},"class_list":["post-5","page","type-page","status-publish","hentry"],"acf":[],"yoast_head":"<!-- This site is optimized with the Yoast SEO Premium plugin v27.0 (Yoast SEO v27.5) - https:\/\/yoast.com\/product\/yoast-seo-premium-wordpress\/ -->\n<title>Minh Phan | Chuy\u00ean gia t\u01b0 v\u1ea5n chi\u1ebfn l\u01b0\u1ee3c m\u1eb7t b\u1eb1ng &amp; \u0111i\u1ec3m b\u00e1n<\/title>\n<meta name=\"description\" content=\"Chuy\u00ean gia t\u01b0 v\u1ea5n chi\u1ebfn l\u01b0\u1ee3c m\u1eb7t b\u1eb1ng v\u00e0 ph\u00e1t tri\u1ec3n \u0111i\u1ec3m b\u00e1n F&amp;B, b\u00e1n l\u1ebb. \u0110\u1ed3ng h\u00e0nh gi\u00fap doanh nghi\u1ec7p ra quy\u1ebft \u0111\u1ecbnh \u0111\u00fang, tr\u00e1nh r\u1ee7i ro v\u00e0 t\u1ed1i \u01b0u hi\u1ec7u qu\u1ea3 kinh doanh.\" \/>\n<meta name=\"robots\" content=\"index, follow, max-snippet:-1, max-image-preview:large, max-video-preview:-1\" \/>\n<link rel=\"canonical\" href=\"https:\/\/minhphan.vn\/en\/\" \/>\n<meta property=\"og:locale\" content=\"en_US\" \/>\n<meta property=\"og:type\" content=\"article\" \/>\n<meta property=\"og:title\" content=\"Trang ch\u1ee7\" \/>\n<meta property=\"og:description\" content=\"Chuy\u00ean gia t\u01b0 v\u1ea5n chi\u1ebfn l\u01b0\u1ee3c m\u1eb7t b\u1eb1ng v\u00e0 ph\u00e1t tri\u1ec3n \u0111i\u1ec3m b\u00e1n F&amp;B, b\u00e1n l\u1ebb. \u0110\u1ed3ng h\u00e0nh gi\u00fap doanh nghi\u1ec7p ra quy\u1ebft \u0111\u1ecbnh \u0111\u00fang, tr\u00e1nh r\u1ee7i ro v\u00e0 t\u1ed1i \u01b0u hi\u1ec7u qu\u1ea3 kinh doanh.\" \/>\n<meta property=\"og:url\" content=\"https:\/\/minhphan.vn\/en\/\" \/>\n<meta property=\"og:site_name\" content=\"MinhPhan.Vn\" \/>\n<meta property=\"article:modified_time\" content=\"2026-05-08T05:42:00+00:00\" \/>\n<meta name=\"twitter:card\" content=\"summary_large_image\" \/>\n<script type=\"application\/ld+json\" class=\"yoast-schema-graph\">{\"@context\":\"https:\\\/\\\/schema.org\",\"@graph\":[{\"@type\":\"WebPage\",\"@id\":\"https:\\\/\\\/minhphan.vn\\\/\",\"url\":\"https:\\\/\\\/minhphan.vn\\\/\",\"name\":\"Minh Phan | Chuy\u00ean gia t\u01b0 v\u1ea5n chi\u1ebfn l\u01b0\u1ee3c m\u1eb7t b\u1eb1ng & \u0111i\u1ec3m b\u00e1n\",\"isPartOf\":{\"@id\":\"https:\\\/\\\/minhphan.vn\\\/#website\"},\"datePublished\":\"2026-04-22T14:36:05+00:00\",\"dateModified\":\"2026-05-08T05:42:00+00:00\",\"description\":\"Chuy\u00ean gia t\u01b0 v\u1ea5n chi\u1ebfn l\u01b0\u1ee3c m\u1eb7t b\u1eb1ng v\u00e0 ph\u00e1t tri\u1ec3n \u0111i\u1ec3m b\u00e1n F&B, b\u00e1n l\u1ebb. \u0110\u1ed3ng h\u00e0nh gi\u00fap doanh nghi\u1ec7p ra quy\u1ebft \u0111\u1ecbnh \u0111\u00fang, tr\u00e1nh r\u1ee7i ro v\u00e0 t\u1ed1i \u01b0u hi\u1ec7u qu\u1ea3 kinh doanh.\",\"breadcrumb\":{\"@id\":\"https:\\\/\\\/minhphan.vn\\\/#breadcrumb\"},\"inLanguage\":\"en-US\",\"potentialAction\":[{\"@type\":\"ReadAction\",\"target\":[\"https:\\\/\\\/minhphan.vn\\\/\"]}]},{\"@type\":\"BreadcrumbList\",\"@id\":\"https:\\\/\\\/minhphan.vn\\\/#breadcrumb\",\"itemListElement\":[{\"@type\":\"ListItem\",\"position\":1,\"name\":\"Trang ch\u1ee7\",\"item\":\"https:\\\/\\\/minhphan.vn\\\/\"},{\"@type\":\"ListItem\",\"position\":2,\"name\":\"Trang ch\u1ee7\"}]},{\"@type\":\"WebSite\",\"@id\":\"https:\\\/\\\/minhphan.vn\\\/#website\",\"url\":\"https:\\\/\\\/minhphan.vn\\\/\",\"name\":\"MinhPhan.Vn\",\"description\":\"\",\"potentialAction\":[{\"@type\":\"SearchAction\",\"target\":{\"@type\":\"EntryPoint\",\"urlTemplate\":\"https:\\\/\\\/minhphan.vn\\\/?s={search_term_string}\"},\"query-input\":{\"@type\":\"PropertyValueSpecification\",\"valueRequired\":true,\"valueName\":\"search_term_string\"}}],\"inLanguage\":\"en-US\"}]}<\/script>\n<!-- \/ Yoast SEO Premium plugin. -->","yoast_head_json":{"title":"Minh Phan | Strategic Location &amp; Sales Consultant","description":"We are experts in strategic site planning and retail store development for F&amp;B and retail businesses. We work alongside businesses to help them make the right decisions, avoid risks, and optimize business performance.","robots":{"index":"index","follow":"follow","max-snippet":"max-snippet:-1","max-image-preview":"max-image-preview:large","max-video-preview":"max-video-preview:-1"},"canonical":"https:\/\/minhphan.vn\/en\/","og_locale":"en_US","og_type":"article","og_title":"Trang ch\u1ee7","og_description":"Chuy\u00ean gia t\u01b0 v\u1ea5n chi\u1ebfn l\u01b0\u1ee3c m\u1eb7t b\u1eb1ng v\u00e0 ph\u00e1t tri\u1ec3n \u0111i\u1ec3m b\u00e1n F&B, b\u00e1n l\u1ebb. \u0110\u1ed3ng h\u00e0nh gi\u00fap doanh nghi\u1ec7p ra quy\u1ebft \u0111\u1ecbnh \u0111\u00fang, tr\u00e1nh r\u1ee7i ro v\u00e0 t\u1ed1i \u01b0u hi\u1ec7u qu\u1ea3 kinh doanh.","og_url":"https:\/\/minhphan.vn\/en\/","og_site_name":"MinhPhan.Vn","article_modified_time":"2026-05-08T05:42:00+00:00","twitter_card":"summary_large_image","schema":{"@context":"https:\/\/schema.org","@graph":[{"@type":"WebPage","@id":"https:\/\/minhphan.vn\/","url":"https:\/\/minhphan.vn\/","name":"Minh Phan | Strategic Location &amp; Sales Consultant","isPartOf":{"@id":"https:\/\/minhphan.vn\/#website"},"datePublished":"2026-04-22T14:36:05+00:00","dateModified":"2026-05-08T05:42:00+00:00","description":"We are experts in strategic site planning and retail store development for F&amp;B and retail businesses. We work alongside businesses to help them make the right decisions, avoid risks, and optimize business performance.","breadcrumb":{"@id":"https:\/\/minhphan.vn\/#breadcrumb"},"inLanguage":"en-US","potentialAction":[{"@type":"ReadAction","target":["https:\/\/minhphan.vn\/"]}]},{"@type":"BreadcrumbList","@id":"https:\/\/minhphan.vn\/#breadcrumb","itemListElement":[{"@type":"ListItem","position":1,"name":"Trang ch\u1ee7","item":"https:\/\/minhphan.vn\/"},{"@type":"ListItem","position":2,"name":"Trang ch\u1ee7"}]},{"@type":"WebSite","@id":"https:\/\/minhphan.vn\/#website","url":"https:\/\/minhphan.vn\/","name":"MinhPhan.Vn","description":"","potentialAction":[{"@type":"SearchAction","target":{"@type":"EntryPoint","urlTemplate":"https:\/\/minhphan.vn\/?s={search_term_string}"},"query-input":{"@type":"PropertyValueSpecification","valueRequired":true,"valueName":"search_term_string"}}],"inLanguage":"en-US"}]}},"_links":{"self":[{"href":"https:\/\/minhphan.vn\/en\/wp-json\/wp\/v2\/pages\/5","targetHints":{"allow":["GET"]}}],"collection":[{"href":"https:\/\/minhphan.vn\/en\/wp-json\/wp\/v2\/pages"}],"about":[{"href":"https:\/\/minhphan.vn\/en\/wp-json\/wp\/v2\/types\/page"}],"author":[{"embeddable":true,"href":"https:\/\/minhphan.vn\/en\/wp-json\/wp\/v2\/users\/1"}],"replies":[{"embeddable":true,"href":"https:\/\/minhphan.vn\/en\/wp-json\/wp\/v2\/comments?post=5"}],"version-history":[{"count":18,"href":"https:\/\/minhphan.vn\/en\/wp-json\/wp\/v2\/pages\/5\/revisions"}],"predecessor-version":[{"id":185,"href":"https:\/\/minhphan.vn\/en\/wp-json\/wp\/v2\/pages\/5\/revisions\/185"}],"wp:attachment":[{"href":"https:\/\/minhphan.vn\/en\/wp-json\/wp\/v2\/media?parent=5"}],"curies":[{"name":"wp","href":"https:\/\/api.w.org\/{rel}","templated":true}]}}