{"id":2,"date":"2026-04-22T14:32:49","date_gmt":"2026-04-22T14:32:49","guid":{"rendered":"http:\/\/localhost:8080\/?page_id=2"},"modified":"2026-04-22T14:32:49","modified_gmt":"2026-04-22T14:32:49","slug":"color-page","status":"publish","type":"page","link":"https:\/\/minhphan.vn\/en\/trang-mau\/","title":{"rendered":"Sample page"},"content":{"rendered":"<p>This is a sample page. It&#039;s different from a post because it&#039;s usually fixed and displayed in your menu. Many people start with an About Us page where you share information for visitors. It might start like this:<\/p>\n\n\n\n<blockquote class=\"wp-block-quote is-layout-flow wp-block-quote-is-layout-flow\">\n\n<p>Hi! I&#039;m a seller, and this is my website. I live in Hanoi, have a small family, and I find using WordPress very interesting.<\/p>\n\n<\/blockquote>\n\n\n\n<p>\u2026or something like this:<\/p>\n\n\n\n<blockquote class=\"wp-block-quote is-layout-flow wp-block-quote-is-layout-flow\">\n\n<p>Our company was established in 2010 and provides quality services for numerous events throughout Vietnam. With offices in Hanoi and Ho Chi Minh City and over 40 staff members, we are a trusted partner for many clients organizing large-scale events.<\/p>\n\n<\/blockquote>\n\n\n\n<p>As a new WordPress user, you should visit <a href=\"https:\/\/minhphan.vn\/wp-admin\/\">control panel<\/a> To delete this page and create a new one for your own content. Have fun!<\/p>","protected":false},"excerpt":{"rendered":"<p>\u0110\u00e2y l\u00e0 trang m\u1eabu. N\u00f3 kh\u00e1c v\u1edbi b\u00e0i vi\u1ebft b\u1edfi v\u00ec n\u00f3 th\u01b0\u1eddng c\u1ed1 \u0111\u1ecbnh v\u00e0 hi\u1ec3n th\u1ecb trong menu c\u1ee7a b\u1ea1n. Nhi\u1ec1u ng\u01b0\u1eddi b\u1eaft \u0111\u1ea7u v\u1edbi trang Gi\u1edbi thi\u1ec7u n\u01a1i b\u1ea1n chia s\u1ebb th\u00f4ng tin cho nh\u1eefng ai gh\u00e9 th\u0103m. N\u00f3 c\u00f3 th\u1ec3 b\u1eaft \u0111\u1ea7u nh\u01b0 th\u1ebf n\u00e0y: Ch\u00e0o b\u1ea1n! T\u00f4i l\u00e0 m\u1ed9t ng\u01b0\u1eddi [&hellip;]<\/p>\n","protected":false},"author":1,"featured_media":0,"parent":0,"menu_order":0,"comment_status":"closed","ping_status":"open","template":"","meta":{"_acf_changed":false,"footnotes":""},"class_list":["post-2","page","type-page","status-publish","hentry"],"acf":[],"yoast_head":"<!-- This site is optimized with the Yoast SEO Premium plugin v27.0 (Yoast SEO v27.5) - https:\/\/yoast.com\/product\/yoast-seo-premium-wordpress\/ -->\n<title>Trang m\u1eabu - MinhPhan.Vn<\/title>\n<meta name=\"robots\" content=\"index, follow, max-snippet:-1, max-image-preview:large, max-video-preview:-1\" \/>\n<link rel=\"canonical\" href=\"https:\/\/minhphan.vn\/en\/color-page\/\" \/>\n<meta property=\"og:locale\" content=\"en_US\" \/>\n<meta property=\"og:type\" content=\"article\" \/>\n<meta property=\"og:title\" content=\"Trang m\u1eabu\" \/>\n<meta property=\"og:description\" content=\"\u0110\u00e2y l\u00e0 trang m\u1eabu. N\u00f3 kh\u00e1c v\u1edbi b\u00e0i vi\u1ebft b\u1edfi v\u00ec n\u00f3 th\u01b0\u1eddng c\u1ed1 \u0111\u1ecbnh v\u00e0 hi\u1ec3n th\u1ecb trong menu c\u1ee7a b\u1ea1n. Nhi\u1ec1u ng\u01b0\u1eddi b\u1eaft \u0111\u1ea7u v\u1edbi trang Gi\u1edbi thi\u1ec7u n\u01a1i b\u1ea1n chia s\u1ebb th\u00f4ng tin cho nh\u1eefng ai gh\u00e9 th\u0103m. N\u00f3 c\u00f3 th\u1ec3 b\u1eaft \u0111\u1ea7u nh\u01b0 th\u1ebf n\u00e0y: Ch\u00e0o b\u1ea1n! T\u00f4i l\u00e0 m\u1ed9t ng\u01b0\u1eddi [&hellip;]\" \/>\n<meta property=\"og:url\" content=\"https:\/\/minhphan.vn\/en\/color-page\/\" \/>\n<meta property=\"og:site_name\" content=\"MinhPhan.Vn\" \/>\n<meta name=\"twitter:card\" content=\"summary_large_image\" \/>\n<meta name=\"twitter:label1\" content=\"Est. reading time\" \/>\n\t<meta name=\"twitter:data1\" content=\"1 minute\" \/>\n<script type=\"application\/ld+json\" class=\"yoast-schema-graph\">{\"@context\":\"https:\\\/\\\/schema.org\",\"@graph\":[{\"@type\":\"WebPage\",\"@id\":\"https:\\\/\\\/minhphan.vn\\\/trang-mau\\\/\",\"url\":\"https:\\\/\\\/minhphan.vn\\\/trang-mau\\\/\",\"name\":\"Trang m\u1eabu - MinhPhan.Vn\",\"isPartOf\":{\"@id\":\"https:\\\/\\\/minhphan.vn\\\/#website\"},\"datePublished\":\"2026-04-22T14:32:49+00:00\",\"breadcrumb\":{\"@id\":\"https:\\\/\\\/minhphan.vn\\\/trang-mau\\\/#breadcrumb\"},\"inLanguage\":\"en-US\",\"potentialAction\":[{\"@type\":\"ReadAction\",\"target\":[\"https:\\\/\\\/minhphan.vn\\\/trang-mau\\\/\"]}]},{\"@type\":\"BreadcrumbList\",\"@id\":\"https:\\\/\\\/minhphan.vn\\\/trang-mau\\\/#breadcrumb\",\"itemListElement\":[{\"@type\":\"ListItem\",\"position\":1,\"name\":\"Trang ch\u1ee7\",\"item\":\"https:\\\/\\\/minhphan.vn\\\/\"},{\"@type\":\"ListItem\",\"position\":2,\"name\":\"Trang m\u1eabu\"}]},{\"@type\":\"WebSite\",\"@id\":\"https:\\\/\\\/minhphan.vn\\\/#website\",\"url\":\"https:\\\/\\\/minhphan.vn\\\/\",\"name\":\"MinhPhan.Vn\",\"description\":\"\",\"potentialAction\":[{\"@type\":\"SearchAction\",\"target\":{\"@type\":\"EntryPoint\",\"urlTemplate\":\"https:\\\/\\\/minhphan.vn\\\/?s={search_term_string}\"},\"query-input\":{\"@type\":\"PropertyValueSpecification\",\"valueRequired\":true,\"valueName\":\"search_term_string\"}}],\"inLanguage\":\"en-US\"}]}<\/script>\n<!-- \/ Yoast SEO Premium plugin. -->","yoast_head_json":{"title":"Sample page - MinhPhan.Vn","robots":{"index":"index","follow":"follow","max-snippet":"max-snippet:-1","max-image-preview":"max-image-preview:large","max-video-preview":"max-video-preview:-1"},"canonical":"https:\/\/minhphan.vn\/en\/color-page\/","og_locale":"en_US","og_type":"article","og_title":"Trang m\u1eabu","og_description":"\u0110\u00e2y l\u00e0 trang m\u1eabu. N\u00f3 kh\u00e1c v\u1edbi b\u00e0i vi\u1ebft b\u1edfi v\u00ec n\u00f3 th\u01b0\u1eddng c\u1ed1 \u0111\u1ecbnh v\u00e0 hi\u1ec3n th\u1ecb trong menu c\u1ee7a b\u1ea1n. Nhi\u1ec1u ng\u01b0\u1eddi b\u1eaft \u0111\u1ea7u v\u1edbi trang Gi\u1edbi thi\u1ec7u n\u01a1i b\u1ea1n chia s\u1ebb th\u00f4ng tin cho nh\u1eefng ai gh\u00e9 th\u0103m. N\u00f3 c\u00f3 th\u1ec3 b\u1eaft \u0111\u1ea7u nh\u01b0 th\u1ebf n\u00e0y: Ch\u00e0o b\u1ea1n! T\u00f4i l\u00e0 m\u1ed9t ng\u01b0\u1eddi [&hellip;]","og_url":"https:\/\/minhphan.vn\/en\/color-page\/","og_site_name":"MinhPhan.Vn","twitter_card":"summary_large_image","twitter_misc":{"Est. reading time":"1 minute"},"schema":{"@context":"https:\/\/schema.org","@graph":[{"@type":"WebPage","@id":"https:\/\/minhphan.vn\/trang-mau\/","url":"https:\/\/minhphan.vn\/trang-mau\/","name":"Sample page - MinhPhan.Vn","isPartOf":{"@id":"https:\/\/minhphan.vn\/#website"},"datePublished":"2026-04-22T14:32:49+00:00","breadcrumb":{"@id":"https:\/\/minhphan.vn\/trang-mau\/#breadcrumb"},"inLanguage":"en-US","potentialAction":[{"@type":"ReadAction","target":["https:\/\/minhphan.vn\/trang-mau\/"]}]},{"@type":"BreadcrumbList","@id":"https:\/\/minhphan.vn\/trang-mau\/#breadcrumb","itemListElement":[{"@type":"ListItem","position":1,"name":"Trang ch\u1ee7","item":"https:\/\/minhphan.vn\/"},{"@type":"ListItem","position":2,"name":"Trang m\u1eabu"}]},{"@type":"WebSite","@id":"https:\/\/minhphan.vn\/#website","url":"https:\/\/minhphan.vn\/","name":"MinhPhan.Vn","description":"","potentialAction":[{"@type":"SearchAction","target":{"@type":"EntryPoint","urlTemplate":"https:\/\/minhphan.vn\/?s={search_term_string}"},"query-input":{"@type":"PropertyValueSpecification","valueRequired":true,"valueName":"search_term_string"}}],"inLanguage":"en-US"}]}},"_links":{"self":[{"href":"https:\/\/minhphan.vn\/en\/wp-json\/wp\/v2\/pages\/2","targetHints":{"allow":["GET"]}}],"collection":[{"href":"https:\/\/minhphan.vn\/en\/wp-json\/wp\/v2\/pages"}],"about":[{"href":"https:\/\/minhphan.vn\/en\/wp-json\/wp\/v2\/types\/page"}],"author":[{"embeddable":true,"href":"https:\/\/minhphan.vn\/en\/wp-json\/wp\/v2\/users\/1"}],"replies":[{"embeddable":true,"href":"https:\/\/minhphan.vn\/en\/wp-json\/wp\/v2\/comments?post=2"}],"version-history":[{"count":0,"href":"https:\/\/minhphan.vn\/en\/wp-json\/wp\/v2\/pages\/2\/revisions"}],"wp:attachment":[{"href":"https:\/\/minhphan.vn\/en\/wp-json\/wp\/v2\/media?parent=2"}],"curies":[{"name":"wp","href":"https:\/\/api.w.org\/{rel}","templated":true}]}}